{"id":13,"date":"2022-09-09T16:40:49","date_gmt":"2022-09-09T16:40:49","guid":{"rendered":"https:\/\/www.franarenas.es\/?page_id=13"},"modified":"2022-09-13T00:01:01","modified_gmt":"2022-09-13T00:01:01","slug":"sobre-nosotros","status":"publish","type":"page","link":"https:\/\/www.franarenas.es\/index.php\/sobre-nosotros\/","title":{"rendered":"Sobre Nosotros"},"content":{"rendered":"<div id=\"pl-gb13-69dfc3faa60ae\"  class=\"panel-layout\" ><div id=\"pg-gb13-69dfc3faa60ae-0\"  class=\"panel-grid panel-no-style\" ><div id=\"pgc-gb13-69dfc3faa60ae-0-0\"  class=\"panel-grid-cell\" ><div id=\"panel-gb13-69dfc3faa60ae-0-0-0\" class=\"so-panel widget widget_sow-image panel-first-child panel-last-child\" data-index=\"0\" ><div\n\t\t\t\n\t\t\tclass=\"so-widget-sow-image so-widget-sow-image-default-8b5b6f678277-13\"\n\t\t\t\n\t\t>\n\n<div class=\"sow-image-container\">\n\t\t<img loading=\"lazy\" decoding=\"async\" src=\"https:\/\/www.franarenas.es\/wp-content\/uploads\/2022\/09\/JMP_4262-2-2.jpg\" width=\"1920\" height=\"1080\" srcset=\"https:\/\/www.franarenas.es\/wp-content\/uploads\/2022\/09\/JMP_4262-2-2.jpg 1920w, https:\/\/www.franarenas.es\/wp-content\/uploads\/2022\/09\/JMP_4262-2-2-300x169.jpg 300w, https:\/\/www.franarenas.es\/wp-content\/uploads\/2022\/09\/JMP_4262-2-2-1024x576.jpg 1024w, https:\/\/www.franarenas.es\/wp-content\/uploads\/2022\/09\/JMP_4262-2-2-768x432.jpg 768w, https:\/\/www.franarenas.es\/wp-content\/uploads\/2022\/09\/JMP_4262-2-2-1536x864.jpg 1536w\" sizes=\"auto, (max-width: 1920px) 100vw, 1920px\" title=\"JMP_4262-2\" alt=\"\" loading=\"lazy\" \t\tclass=\"so-widget-image\"\/>\n\t<\/div>\n\n<\/div><\/div><\/div><\/div><\/div>\n\n\n<div style=\"height:34px\" aria-hidden=\"true\" class=\"wp-block-spacer\"><\/div>\n\n\n\n<blockquote class=\"wp-block-quote is-layout-flow wp-block-quote-is-layout-flow\"><p>\u00abTras m\u00e1s de 30 a\u00f1os en el sector metal\u00fargico, decid\u00ed fundar mi propia empresa. El trato directo con los clientes y la transformaci\u00f3n de sus ideas en el taller son una motivaci\u00f3n diaria.\u00bb<\/p><cite>Francisco Arenas<\/cite><\/blockquote>\n\n\n\n<iframe src=\"https:\/\/www.google.com\/maps\/embed?pb=!1m18!1m12!1m3!1d1863.9587236597495!2d-0.09064110082993197!3d39.96620852542585!2m3!1f0!2f0!3f0!3m2!1i1024!2i768!4f13.1!3m3!1m2!1s0xd60074157d82b3b%3A0x9e9fca60806cc7f3!2sCarrer%20la%20Pobla%20Tornesa%2C%2012550%2C%20Castell%C3%B3!5e0!3m2!1ses!2ses!4v1663026965185!5m2!1ses!2ses\" width=\"1920\" height=\"600\" style=\"border:0;\" allowfullscreen=\"\" loading=\"lazy\" referrerpolicy=\"no-referrer-when-downgrade\"><\/iframe>\n","protected":false},"excerpt":{"rendered":"<p>\u00abTras m\u00e1s de 30 a\u00f1os en el sector metal\u00fargico, decid\u00ed fundar mi propia empresa. El trato directo con los clientes y la transformaci\u00f3n de sus ideas en el taller son una motivaci\u00f3n diaria.\u00bb Francisco Arenas<\/p>\n","protected":false},"author":1,"featured_media":0,"parent":0,"menu_order":0,"comment_status":"closed","ping_status":"closed","template":"","meta":{"footnotes":""},"class_list":["post-13","page","type-page","status-publish"],"_links":{"self":[{"href":"https:\/\/www.franarenas.es\/index.php\/wp-json\/wp\/v2\/pages\/13","targetHints":{"allow":["GET"]}}],"collection":[{"href":"https:\/\/www.franarenas.es\/index.php\/wp-json\/wp\/v2\/pages"}],"about":[{"href":"https:\/\/www.franarenas.es\/index.php\/wp-json\/wp\/v2\/types\/page"}],"author":[{"embeddable":true,"href":"https:\/\/www.franarenas.es\/index.php\/wp-json\/wp\/v2\/users\/1"}],"replies":[{"embeddable":true,"href":"https:\/\/www.franarenas.es\/index.php\/wp-json\/wp\/v2\/comments?post=13"}],"version-history":[{"count":6,"href":"https:\/\/www.franarenas.es\/index.php\/wp-json\/wp\/v2\/pages\/13\/revisions"}],"predecessor-version":[{"id":104,"href":"https:\/\/www.franarenas.es\/index.php\/wp-json\/wp\/v2\/pages\/13\/revisions\/104"}],"wp:attachment":[{"href":"https:\/\/www.franarenas.es\/index.php\/wp-json\/wp\/v2\/media?parent=13"}],"curies":[{"name":"wp","href":"https:\/\/api.w.org\/{rel}","templated":true}]}}